{"id":200,"date":"2018-09-20T16:37:18","date_gmt":"2018-09-20T14:37:18","guid":{"rendered":"http:\/\/clevacancesalpeslyon.com\/?page_id=200"},"modified":"2025-02-14T09:32:02","modified_gmt":"2025-02-14T08:32:02","slug":"classement","status":"publish","type":"page","link":"https:\/\/clevacancesalpeslyon.com\/?page_id=200","title":{"rendered":"Classement de Meubl\u00e9 de Tourisme"},"content":{"rendered":"\n<p class=\"has-text-align-center\"><a href=\"https:\/\/forms.gle\/oDMGfBirGNAFuYMa8\" target=\"_blank\" rel=\"noreferrer noopener\" aria-label=\"Application form in English (s\u2019ouvre dans un nouvel onglet)\"><strong>Application form in English<\/strong><\/a><\/p>\n\n\n\n<figure class=\"wp-block-image is-resized\"><img loading=\"lazy\" decoding=\"async\" src=\"https:\/\/clevacancesalpeslyon.com\/wp-content\/uploads\/2020\/08\/banniere-newsletter-mdt-1.png\" alt=\"\" class=\"wp-image-1341\" width=\"812\" height=\"478\" srcset=\"https:\/\/clevacancesalpeslyon.com\/wp-content\/uploads\/2020\/08\/banniere-newsletter-mdt-1.png 1673w, https:\/\/clevacancesalpeslyon.com\/wp-content\/uploads\/2020\/08\/banniere-newsletter-mdt-1-300x177.png 300w, https:\/\/clevacancesalpeslyon.com\/wp-content\/uploads\/2020\/08\/banniere-newsletter-mdt-1-1024x603.png 1024w, https:\/\/clevacancesalpeslyon.com\/wp-content\/uploads\/2020\/08\/banniere-newsletter-mdt-1-768x452.png 768w, https:\/\/clevacancesalpeslyon.com\/wp-content\/uploads\/2020\/08\/banniere-newsletter-mdt-1-1536x904.png 1536w\" sizes=\"auto, (max-width: 706px) 89vw, (max-width: 767px) 82vw, 740px\" \/><\/figure>\n\n\n\n<blockquote class=\"wp-block-quote has-text-align-center is-style-default is-layout-flow wp-block-quote-is-layout-flow\">\n<p> <strong>Faites des \u00e9conomies pour vous et vos voyageurs <\/strong><\/p>\n\n\n\n<p><strong>en faisant classer d\u00e8s aujourd&rsquo;hui <\/strong><\/p>\n\n\n\n<p><strong>votre logement en meubl\u00e9 de tourisme!<\/strong> <\/p>\n<\/blockquote>\n\n\n\n<p><em>D\u00e8s le 1er janvier 2019, tous les h\u00e9bergeurs non-class\u00e9s en \nmeubl\u00e9 de tourisme devront s\u2019acquitter d\u2019une taxe de s\u00e9jour au % de la \nnuit\u00e9e proratis\u00e9e par personne allant de 1 \u00e0 5% (ex : 5% sur les 2alpes)\n alors que les class\u00e9s resteront sur le m\u00eame bar\u00e8me.<\/em><\/p>\n\n\n\n<p class=\"has-text-align-left\"><em><strong>Nos tarifs varient selon secteur<\/strong> et sont entre (110 et 200 euros)  la visite valable 5 ans. (pour plusieurs h\u00e9bergements, merci de nous <a href=\"mailto:infos.clevacances@gmail.com\"><strong>contacter<\/strong><\/a> ou remplir le formulaire ci-dessous)<\/em><br>                                    <a href=\"https:\/\/docs.google.com\/forms\/d\/e\/1FAIpQLSdsYgsFhlKb79xhEjHolaOEpxu5cWzN4aBxdjmN4cqVIb3yWg\/viewform\">Formulaire en ligne<\/a> \/ <a rel=\"noreferrer noopener\" aria-label=\"Application form in English (s\u2019ouvre dans un nouvel onglet)\" href=\"https:\/\/forms.gle\/oDMGfBirGNAFuYMa8\" target=\"_blank\"><strong>Application form in English<\/strong><\/a><\/p>\n\n\n\n<p>Cette nouvelle m\u00e9thode de calcul concerne les h\u00e9bergeurs :<\/p>\n\n\n\n<ul class=\"wp-block-list\">\n<li>non-class\u00e9s<\/li>\n\n\n\n<li>les h\u00e9bergeurs labellis\u00e9s n\u2019ayant pas de classement (le label en cl\u00e9s n\u2019est pas un  classement en \u00e9toiles)<\/li>\n<\/ul>\n\n\n\n<p>Cette nouvelle r\u00e9forme est&nbsp;tr\u00e8s d\u00e9savantageuse pour les logements de petites capacit\u00e9s.<\/p>\n\n\n\n<div style=\"height:76px\" aria-hidden=\"true\" class=\"wp-block-spacer\"><\/div>\n\n\n\n<div class=\"wp-block-group has-very-light-gray-background-color has-background\"><div class=\"wp-block-group__inner-container is-layout-flow wp-block-group-is-layout-flow\">\n<p class=\"has-text-align-center\"><strong>Le classement ? c\u2019est gagnant pour vous<\/strong><br><strong>et pour vos voyageurs !<\/strong><\/p>\n\n\n\n<p>Nous vous rappelons que ce classement vous permet :\n&nbsp;<\/p>\n\n\n\n<ul class=\"wp-block-list\">\n<li>Une abattement fiscal de 71% sur vos revenus locatifs (au lieu de 50%) = avantage fiscal<\/li>\n\n\n\n<li>Une exon\u00e9ration de la CFE (saut d\u00e9cision contraire de la collectivit\u00e9 locale) = 2\u00e8me avantage fiscal<\/li>\n\n\n\n<li>La possibilit\u00e9 de percevoir les ch\u00e8ques vacances<\/li>\n\n\n\n<li>D\u2019une garantie qualit\u00e9 et de la conformit\u00e9 de votre logement<\/li>\n<\/ul>\n\n\n\n<p class=\"has-text-align-center\"><strong>Il vous permettra de demander une taxe de s\u00e9jour moins importante <\/strong><br><strong>aux personnes qui s\u00e9journeront chez vous  ! <\/strong><\/p>\n\n\n\n<p class=\"has-text-align-center\"><strong>Alors n\u2019h\u00e9sitez plus et faites vos classer&nbsp;<\/strong><\/p>\n<\/div><\/div>\n\n\n\n<div style=\"height:46px\" aria-hidden=\"true\" class=\"wp-block-spacer\"><\/div>\n\n\n\n<figure class=\"wp-block-embed is-type-video is-provider-youtube wp-block-embed-youtube wp-embed-aspect-16-9 wp-has-aspect-ratio\"><div class=\"wp-block-embed__wrapper\">\n<iframe loading=\"lazy\" title=\"Meubl\u00e9 de tourisme G\u00e9n\u00e9ral\" width=\"525\" height=\"295\" src=\"https:\/\/www.youtube.com\/embed\/np4UDNHzjZ0?feature=oembed\" frameborder=\"0\" allow=\"accelerometer; autoplay; clipboard-write; encrypted-media; gyroscope; picture-in-picture; web-share\" referrerpolicy=\"strict-origin-when-cross-origin\" allowfullscreen><\/iframe>\n<\/div><\/figure>\n\n\n\n<div style=\"height:20px\" aria-hidden=\"true\" class=\"wp-block-spacer\"><\/div>\n\n\n\n<h2 class=\"wp-block-heading has-text-align-center\"><strong>La d\u00e9marche<\/strong><\/h2>\n\n\n\n<p class=\"has-text-align-center has-very-dark-gray-color has-text-color\">Merci de faire votre demande en remplissant le <strong><a href=\"https:\/\/docs.google.com\/forms\/d\/e\/1FAIpQLSdsYgsFhlKb79xhEjHolaOEpxu5cWzN4aBxdjmN4cqVIb3yWg\/viewform\">formulaire en ligne<\/a><\/strong><\/p>\n\n\n\n<p class=\"has-text-align-center\"><a href=\"https:\/\/forms.gle\/oDMGfBirGNAFuYMa8\" target=\"_blank\" rel=\"noreferrer noopener\" aria-label=\"Application form in English (s\u2019ouvre dans un nouvel onglet)\"><strong>Application form in English<\/strong><\/a><\/p>\n\n\n<p><iframe loading=\"lazy\" src=\"https:\/\/docs.google.com\/forms\/d\/e\/1FAIpQLSdsYgsFhlKb79xhEjHolaOEpxu5cWzN4aBxdjmN4cqVIb3yWg\/viewform?embedded=true\" width=\"700\" height=\"520\" frameborder=\"0\" marginheight=\"0\" marginwidth=\"0\">Chargement\u2026<\/iframe><\/p>\n\n\n\n<p class=\"has-text-align-center\"><strong>Nos r\u00e9f\u00e9rents techniques en charge de la visite de votre h\u00e9bergement&nbsp; <\/strong><strong>:<\/strong><\/p>\n\n\n\n<div class=\"wp-block-columns is-layout-flex wp-container-core-columns-is-layout-9d6595d7 wp-block-columns-is-layout-flex\">\n<div class=\"wp-block-column is-layout-flow wp-block-column-is-layout-flow\"><div class=\"wp-block-image\">\n<figure class=\"aligncenter size-thumbnail\"><img loading=\"lazy\" decoding=\"async\" width=\"150\" height=\"150\" src=\"https:\/\/clevacancesalpeslyon.com\/wp-content\/uploads\/2020\/08\/unnamed-1-150x150.png\" alt=\"\" class=\"wp-image-1353\" srcset=\"https:\/\/clevacancesalpeslyon.com\/wp-content\/uploads\/2020\/08\/unnamed-1-150x150.png 150w, https:\/\/clevacancesalpeslyon.com\/wp-content\/uploads\/2020\/08\/unnamed-1-300x300.png 300w, https:\/\/clevacancesalpeslyon.com\/wp-content\/uploads\/2020\/08\/unnamed-1-100x100.png 100w, https:\/\/clevacancesalpeslyon.com\/wp-content\/uploads\/2020\/08\/unnamed-1.png 400w\" sizes=\"auto, (max-width: 150px) 100vw, 150px\" \/><\/figure>\n<\/div>\n\n\n<p class=\"has-text-align-center\"><strong>Thibault PESENTI <\/strong><\/p>\n\n\n\n<p class=\"has-text-align-center\"><a href=\"mailto:thibault.clevacances@gmail.com\">thibault.clevacances@gmail.com<\/a><\/p>\n<\/div>\n\n\n\n<div class=\"wp-block-column is-layout-flow wp-block-column-is-layout-flow\"><div class=\"wp-block-image\">\n<figure class=\"aligncenter size-thumbnail\"><img loading=\"lazy\" decoding=\"async\" width=\"150\" height=\"150\" src=\"https:\/\/clevacancesalpeslyon.com\/wp-content\/uploads\/2020\/08\/Capture-1-150x150.png\" alt=\"\" class=\"wp-image-1354\" srcset=\"https:\/\/clevacancesalpeslyon.com\/wp-content\/uploads\/2020\/08\/Capture-1-150x150.png 150w, https:\/\/clevacancesalpeslyon.com\/wp-content\/uploads\/2020\/08\/Capture-1-100x100.png 100w, https:\/\/clevacancesalpeslyon.com\/wp-content\/uploads\/2020\/08\/Capture-1.png 311w\" sizes=\"auto, (max-width: 150px) 100vw, 150px\" \/><\/figure>\n<\/div>\n\n\n<p class=\"has-text-align-center\"> <strong>Farida Madelon <\/strong><\/p>\n\n\n\n<p class=\"has-text-align-center\"><a href=\"mailto:farida.clevacances@gmail.com\">farida.clevacances@gmail.com<\/a> <\/p>\n<\/div>\n<\/div>\n\n\n\n<p class=\"has-text-align-center\">Vous pouvez nous joindre \u00e0 Grenoble au&nbsp; <strong>04 76 54 06 08<\/strong> &nbsp;ou par&nbsp; <a href=\"mailto:infos.clevacances@gmail.com\" target=\"_blank\" rel=\"noreferrer noopener\">e-mail&nbsp;<\/a><\/p>\n\n\n\n<div style=\"height:100px\" aria-hidden=\"true\" class=\"wp-block-spacer\"><\/div>\n\n\n\n<div class=\"wp-block-group has-very-light-gray-background-color has-background\"><div class=\"wp-block-group__inner-container is-layout-flow wp-block-group-is-layout-flow\">\n<h2 class=\"wp-block-heading has-text-align-center\"><strong>Avant la visite:<\/strong><\/h2>\n\n\n\n<div class=\"wp-block-media-text alignwide is-stacked-on-mobile is-vertically-aligned-top is-image-fill\" style=\"grid-template-columns:48% auto\"><figure class=\"wp-block-media-text__media\" style=\"background-image:url(https:\/\/clevacancesalpeslyon.com\/wp-content\/uploads\/2019\/08\/OSP_2642-1024x683.jpg);background-position:50% 50%\"><img loading=\"lazy\" decoding=\"async\" width=\"1024\" height=\"683\" src=\"https:\/\/clevacancesalpeslyon.com\/wp-content\/uploads\/2019\/08\/OSP_2642-1024x683.jpg\" alt=\"\" class=\"wp-image-1029 size-full\" srcset=\"https:\/\/clevacancesalpeslyon.com\/wp-content\/uploads\/2019\/08\/OSP_2642-1024x683.jpg 1024w, https:\/\/clevacancesalpeslyon.com\/wp-content\/uploads\/2019\/08\/OSP_2642-300x200.jpg 300w, https:\/\/clevacancesalpeslyon.com\/wp-content\/uploads\/2019\/08\/OSP_2642-768x512.jpg 768w\" sizes=\"auto, (max-width: 706px) 89vw, (max-width: 767px) 82vw, 740px\" \/><\/figure><div class=\"wp-block-media-text__content\">\n<ul class=\"wp-block-list\">\n<li>Remplir le&nbsp;&nbsp;<a rel=\"noreferrer noopener\" href=\"https:\/\/docs.google.com\/forms\/d\/e\/1FAIpQLSdsYgsFhlKb79xhEjHolaOEpxu5cWzN4aBxdjmN4cqVIb3yWg\/viewform\" target=\"_blank\"><strong>formulaire cerfa 11819<\/strong><\/a>&nbsp;en ligne. <\/li>\n\n\n\n<li>Nous envoyer votre <strong>paiement avant la visite<\/strong>.<\/li>\n\n\n\n<li>Merci de lire<strong>&nbsp; <\/strong><a href=\"https:\/\/www.classement.atout-france.fr\/les-principes-generaux\"><strong>les conseils <\/strong>g\u00e9n\u00e9raux des propri\u00e9taires<\/a> &nbsp;et nos&nbsp;<a href=\"http:\/\/isere.clevacances.com\/wp-content\/uploads\/sites\/20\/2016\/06\/Conseils-avant-visite.pdf\">conseils avant visite<\/a>.<\/li>\n\n\n\n<li>Il est recommander de <strong>prendre connaissance du tableau des crit\u00e8res<\/strong> de classement sur la base de votre h\u00e9bergement sera contr\u00f4l\u00e9 (voir ci-dessous) <\/li>\n<\/ul>\n<\/div><\/div>\n<\/div><\/div>\n\n\n\n<div class=\"wp-block-group\"><div class=\"wp-block-group__inner-container is-layout-flow wp-block-group-is-layout-flow\">\n<div style=\"height:28px\" aria-hidden=\"true\" class=\"wp-block-spacer\"><\/div>\n\n\n\n<p class=\"has-small-font-size\"><strong>Vous pouvez t\u00e9l\u00e9charger les documents suivants :<\/strong><\/p>\n\n\n\n<p class=\"has-small-font-size\">Le guide de contr\u00f4le:&nbsp; <a href=\"https:\/\/www.classement.atout-france.fr\/c\/document_library\/get_file?uuid=024b7b4c-9706-47c2-853d-c44b5f465150&amp;groupId=10157\" target=\"_blank\" rel=\"noreferrer noopener\">Lien<\/a><\/p>\n\n\n\n<p class=\"has-small-font-size\">La grille des crit\u00e8res:&nbsp; <a href=\"https:\/\/www.classement.atout-france.fr\/c\/document_library\/get_file?uuid=fa813b05-574a-4403-a762-894743fe147e&amp;groupId=10157\" target=\"_blank\" rel=\"noreferrer noopener\">Lien<\/a><\/p>\n\n\n\n<p class=\"has-small-font-size\">Note de clarification concernant le classement des meubl\u00e9s de tourisme:&nbsp;<a href=\"https:\/\/www.entreprises.gouv.fr\/fr\/tourisme\/conseils-strategie\/meubles-de-tourisme\" data-type=\"URL\" target=\"_blank\" rel=\"noreferrer noopener\">Lien<\/a><\/p>\n\n\n\n<p class=\"has-small-font-size\">Site Atout France: &nbsp;<a rel=\"noreferrer noopener\" href=\"https:\/\/www.classement.atout-france.fr\/documents-et-textes-de-reference\" target=\"_blank\">Lien<\/a><\/p>\n<\/div><\/div>\n\n\n\n<div style=\"height:100px\" aria-hidden=\"true\" class=\"wp-block-spacer\"><\/div>\n\n\n\n<div class=\"wp-block-group has-very-light-gray-background-color has-background\"><div class=\"wp-block-group__inner-container is-layout-flow wp-block-group-is-layout-flow\">\n<h2 class=\"wp-block-heading has-text-align-center\"> <strong>Les autres obligations<\/strong> <\/h2>\n\n\n\n<div class=\"wp-block-columns is-layout-flex wp-container-core-columns-is-layout-9d6595d7 wp-block-columns-is-layout-flex\">\n<div class=\"wp-block-column is-layout-flow wp-block-column-is-layout-flow\"><div class=\"wp-block-image\">\n<figure class=\"aligncenter size-large is-resized\"><img loading=\"lazy\" decoding=\"async\" src=\"https:\/\/clevacancesalpeslyon.com\/wp-content\/uploads\/2019\/08\/Y5A6456-1024x714.jpg\" alt=\"\" class=\"wp-image-986\" width=\"240\" height=\"160\"\/><\/figure>\n<\/div>\n\n\n<h4 class=\"wp-block-heading has-text-align-center\"> <strong>D\u00e9claration du bien en mairie<\/strong><\/h4>\n\n\n\n<p> Nous vous rappelons que vous avez l\u2019<strong>obligation de d\u00e9clarer votre meubl\u00e9 de tourisme aupr\u00e8s de la mairie de celui-ci. <\/strong>Vous  pouvez t\u00e9l\u00e9charger le formulaire de d\u00e9claration et avoir toutes les  informations \u00e0 propos du classement sur le site internet du Gouvernement <\/p>\n\n\n\n<div class=\"wp-block-button\"><a class=\"wp-block-button__link has-background wp-element-button\" href=\"https:\/\/www.service-public.fr\/particuliers\/vosdroits\/F2043\" style=\"background-color:#008cd4\">En savoir plus <\/a><\/div>\n<\/div>\n\n\n\n<div class=\"wp-block-column is-layout-flow wp-block-column-is-layout-flow\"><div class=\"wp-block-image\">\n<figure class=\"aligncenter size-large is-resized\"><img loading=\"lazy\" decoding=\"async\" src=\"https:\/\/clevacancesalpeslyon.com\/wp-content\/uploads\/2018\/09\/chair-1845270_960_720.jpg\" alt=\"\" class=\"wp-image-76\" width=\"240\" height=\"160\" srcset=\"https:\/\/clevacancesalpeslyon.com\/wp-content\/uploads\/2018\/09\/chair-1845270_960_720.jpg 960w, https:\/\/clevacancesalpeslyon.com\/wp-content\/uploads\/2018\/09\/chair-1845270_960_720-300x200.jpg 300w, https:\/\/clevacancesalpeslyon.com\/wp-content\/uploads\/2018\/09\/chair-1845270_960_720-768x512.jpg 768w\" sizes=\"auto, (max-width: 240px) 100vw, 240px\" \/><\/figure>\n<\/div>\n\n\n<h4 class=\"wp-block-heading has-text-align-center\"> <strong>Formulaire P0i<\/strong> <\/h4>\n\n\n\n<p> Lorsque vous d\u00e9butez une activit\u00e9 de loueur en meubl\u00e9, vous devez remplir le f<strong>ormulaire P0i dans les 15 jours du d\u00e9but de la location.<\/strong>  Il vous permet de d\u00e9clarer votre activit\u00e9 aupr\u00e8s du Greffe du Tribunal  de commerce et d&rsquo;obtenir votre num\u00e9ro SIRET. <br><\/p>\n\n\n\n<div class=\"wp-block-button\"><a class=\"wp-block-button__link has-background wp-element-button\" href=\"https:\/\/www.service-public.fr\/particuliers\/vosdroits\/R13748\" style=\"background-color:#008cd4\">En savoir plus <\/a><\/div>\n<\/div>\n<\/div>\n<\/div><\/div>\n\n\n\n<div style=\"height:100px\" aria-hidden=\"true\" class=\"wp-block-spacer\"><\/div>\n\n\n\n<h4 class=\"wp-block-heading has-text-align-center\"> <strong>Depuis Juin 2012, nous sommes habilit\u00e9s \u00e0 prendre la d\u00e9cision de classement en \u00e9toiles pour une dur\u00e9e de 5 ans. <\/strong> <\/h4>\n\n\n\n<p>A l&rsquo;issue de sa visite, notre technique de r\u00e9f\u00e9rence pourra vous annoncer votre proposition de classement. <br>Cl\u00e9vacances vous allez parvenir \u00e0 votre facture acquitt\u00e9e et \u00e0 votre d\u00e9cision de classement sous 15 jours. <br>Si vous pr\u00e9f\u00e9rez, nous vous adressons un exemplaire du rapport de contr\u00f4le par e-mail ou par courrier, dans un d\u00e9lai de 15 jours maximum apr\u00e8s la visite.&nbsp;<\/p>\n\n\n\n<div style=\"height:100px\" aria-hidden=\"true\" class=\"wp-block-spacer\"><\/div>\n\n\n<div class=\"wp-block-image\">\n<figure class=\"aligncenter size-large\"><img loading=\"lazy\" decoding=\"async\" width=\"1024\" height=\"203\" src=\"https:\/\/clevacancesalpeslyon.com\/wp-content\/uploads\/2020\/08\/banni\u00e8ere-1024x203.png\" alt=\"\" class=\"wp-image-1343\" srcset=\"https:\/\/clevacancesalpeslyon.com\/wp-content\/uploads\/2020\/08\/banni\u00e8ere-1024x203.png 1024w, https:\/\/clevacancesalpeslyon.com\/wp-content\/uploads\/2020\/08\/banni\u00e8ere-300x59.png 300w, https:\/\/clevacancesalpeslyon.com\/wp-content\/uploads\/2020\/08\/banni\u00e8ere-768x152.png 768w, https:\/\/clevacancesalpeslyon.com\/wp-content\/uploads\/2020\/08\/banni\u00e8ere-1536x304.png 1536w, https:\/\/clevacancesalpeslyon.com\/wp-content\/uploads\/2020\/08\/banni\u00e8ere.png 1582w\" sizes=\"auto, (max-width: 706px) 89vw, (max-width: 767px) 82vw, 740px\" \/><\/figure>\n<\/div>","protected":false},"excerpt":{"rendered":"<p>Application form in English Faites des \u00e9conomies pour vous et vos voyageurs en faisant classer d\u00e8s aujourd&rsquo;hui votre logement en meubl\u00e9 de tourisme! D\u00e8s le 1er janvier 2019, tous les h\u00e9bergeurs non-class\u00e9s en meubl\u00e9 de tourisme devront s\u2019acquitter d\u2019une taxe de s\u00e9jour au % de la nuit\u00e9e proratis\u00e9e par personne allant de 1 \u00e0 5% &hellip; <\/p>\n<p class=\"link-more\"><a href=\"https:\/\/clevacancesalpeslyon.com\/?page_id=200\" class=\"more-link\">Continuer la lecture<span class=\"screen-reader-text\"> de &laquo;&nbsp;Classement de Meubl\u00e9 de Tourisme&nbsp;&raquo;<\/span><\/a><\/p>\n","protected":false},"author":1,"featured_media":0,"parent":0,"menu_order":5,"comment_status":"closed","ping_status":"closed","template":"","meta":{"footnotes":""},"class_list":["post-200","page","type-page","status-publish","hentry"],"_links":{"self":[{"href":"https:\/\/clevacancesalpeslyon.com\/index.php?rest_route=\/wp\/v2\/pages\/200","targetHints":{"allow":["GET"]}}],"collection":[{"href":"https:\/\/clevacancesalpeslyon.com\/index.php?rest_route=\/wp\/v2\/pages"}],"about":[{"href":"https:\/\/clevacancesalpeslyon.com\/index.php?rest_route=\/wp\/v2\/types\/page"}],"author":[{"embeddable":true,"href":"https:\/\/clevacancesalpeslyon.com\/index.php?rest_route=\/wp\/v2\/users\/1"}],"replies":[{"embeddable":true,"href":"https:\/\/clevacancesalpeslyon.com\/index.php?rest_route=%2Fwp%2Fv2%2Fcomments&post=200"}],"version-history":[{"count":44,"href":"https:\/\/clevacancesalpeslyon.com\/index.php?rest_route=\/wp\/v2\/pages\/200\/revisions"}],"predecessor-version":[{"id":2085,"href":"https:\/\/clevacancesalpeslyon.com\/index.php?rest_route=\/wp\/v2\/pages\/200\/revisions\/2085"}],"wp:attachment":[{"href":"https:\/\/clevacancesalpeslyon.com\/index.php?rest_route=%2Fwp%2Fv2%2Fmedia&parent=200"}],"curies":[{"name":"wp","href":"https:\/\/api.w.org\/{rel}","templated":true}]}}