{"id":32,"date":"2018-09-07T17:17:03","date_gmt":"2018-09-07T15:17:03","guid":{"rendered":"http:\/\/clevacancesalpeslyon.com\/?page_id=32"},"modified":"2021-08-11T08:59:20","modified_gmt":"2021-08-11T06:59:20","slug":"blog","status":"publish","type":"page","link":"https:\/\/clevacancesalpeslyon.com\/?page_id=32","title":{"rendered":"C&rsquo;est par ici !"},"content":{"rendered":"\n<div class=\"wp-block-columns is-layout-flex wp-container-core-columns-is-layout-9d6595d7 wp-block-columns-is-layout-flex\">\n<div class=\"wp-block-column is-layout-flow wp-block-column-is-layout-flow\">\n<div class=\"wp-block-button aligncenter\"><a class=\"wp-block-button__link has-background\" href=\"https:\/\/clevacancesalpeslyon.com\/?page_id=32\" style=\"background-color:#008cd4\">Par th\u00e8me \ud83d\udd0e<\/a><\/div>\n<\/div>\n\n\n\n<div class=\"wp-block-column is-layout-flow wp-block-column-is-layout-flow\">\n<div class=\"wp-block-button aligncenter\"><a class=\"wp-block-button__link has-background\" href=\"https:\/\/clevacancesalpeslyon.com\/?p=434\" style=\"background-color:#008cd4\"> Coup d&rsquo;\u2764\ufe0f <\/a><\/div>\n<\/div>\n<\/div>\n\n\n\n<div style=\"height:100px\" aria-hidden=\"true\" class=\"wp-block-spacer\"><\/div>\n\n\n\n<blockquote class=\"wp-block-quote is-layout-flow wp-block-quote-is-layout-flow\"><p> Trouvez votre bonheur chez <a rel=\"noreferrer noopener\" href=\"https:\/\/www.clevacances.com\/fr\/\" target=\"_blank\">Cl\u00e9vacances<\/a> <\/p><\/blockquote>\n\n\n\n<div class=\"wp-block-media-text alignwide\"><figure class=\"wp-block-media-text__media\"><img loading=\"lazy\" decoding=\"async\" width=\"960\" height=\"613\" src=\"https:\/\/clevacancesalpeslyon.com\/wp-content\/uploads\/2018\/09\/breakfast-2408027_960_720-1.jpg\" alt=\"\" class=\"wp-image-89\" srcset=\"https:\/\/clevacancesalpeslyon.com\/wp-content\/uploads\/2018\/09\/breakfast-2408027_960_720-1.jpg 960w, https:\/\/clevacancesalpeslyon.com\/wp-content\/uploads\/2018\/09\/breakfast-2408027_960_720-1-300x192.jpg 300w, https:\/\/clevacancesalpeslyon.com\/wp-content\/uploads\/2018\/09\/breakfast-2408027_960_720-1-768x490.jpg 768w\" sizes=\"auto, (max-width: 706px) 89vw, (max-width: 767px) 82vw, 740px\" \/><\/figure><div class=\"wp-block-media-text__content\">\n<h2 class=\"wp-block-heading\"><a href=\"http:\/\/clevacancesalpeslyon.com\/?p=1\">D\u00e9couvrir l&rsquo;Is\u00e8re<\/a><\/h2>\n\n\n\n<h3 class=\"wp-block-heading\"> Les bulles, la gastronomie grenobloise, les noix&#8230;..<\/h3>\n\n\n\n<p><\/p>\n<\/div><\/div>\n\n\n\n<div style=\"height:100px\" aria-hidden=\"true\" class=\"wp-block-spacer\"><\/div>\n\n\n\n<div class=\"wp-block-media-text alignwide has-media-on-the-right\"><figure class=\"wp-block-media-text__media\"><img loading=\"lazy\" decoding=\"async\" width=\"1024\" height=\"683\" src=\"https:\/\/clevacancesalpeslyon.com\/wp-content\/uploads\/2019\/08\/OSP_2727-HDR-1024x683.jpg\" alt=\"\" class=\"wp-image-1030\" srcset=\"https:\/\/clevacancesalpeslyon.com\/wp-content\/uploads\/2019\/08\/OSP_2727-HDR-1024x683.jpg 1024w, https:\/\/clevacancesalpeslyon.com\/wp-content\/uploads\/2019\/08\/OSP_2727-HDR-300x200.jpg 300w, https:\/\/clevacancesalpeslyon.com\/wp-content\/uploads\/2019\/08\/OSP_2727-HDR-768x512.jpg 768w\" sizes=\"auto, (max-width: 706px) 89vw, (max-width: 767px) 82vw, 740px\" \/><\/figure><div class=\"wp-block-media-text__content\">\n<h2 class=\"wp-block-heading\"><a href=\"http:\/\/clevacancesalpeslyon.com\/?p=104\">D\u00e9couvrir Savoie Mont-Blanc<\/a><\/h2>\n\n\n\n<h3 class=\"wp-block-heading\"> Les montagnes, les lac, les chalets&#8230; <\/h3>\n\n\n\n<p><\/p>\n<\/div><\/div>\n\n\n\n<div style=\"height:100px\" aria-hidden=\"true\" class=\"wp-block-spacer\"><\/div>\n\n\n\n<div class=\"wp-block-media-text alignwide\"><figure class=\"wp-block-media-text__media\"><img loading=\"lazy\" decoding=\"async\" width=\"720\" height=\"480\" src=\"https:\/\/clevacancesalpeslyon.com\/wp-content\/uploads\/2020\/08\/basilica-2693596__480.jpg\" alt=\"\" class=\"wp-image-1310\" srcset=\"https:\/\/clevacancesalpeslyon.com\/wp-content\/uploads\/2020\/08\/basilica-2693596__480.jpg 720w, https:\/\/clevacancesalpeslyon.com\/wp-content\/uploads\/2020\/08\/basilica-2693596__480-300x200.jpg 300w\" sizes=\"auto, (max-width: 720px) 100vw, 720px\" \/><\/figure><div class=\"wp-block-media-text__content\">\n<h2 class=\"wp-block-heading\"> <a href=\"http:\/\/clevacancesalpeslyon.com\/?p=106\">D\u00e9couvrir Grand Lyon <\/a> <\/h2>\n\n\n\n<h3 class=\"wp-block-heading\"> Fourvi\u00e8re, les pralines, les chambre d&rsquo;h\u00f4tes Grand Lyon &#8230; <\/h3>\n\n\n\n<p><\/p>\n<\/div><\/div>\n\n\n\n<div style=\"height:100px\" aria-hidden=\"true\" class=\"wp-block-spacer\"><\/div>\n\n\n\n<div class=\"wp-block-media-text alignwide has-media-on-the-right\"><figure class=\"wp-block-media-text__media\"><img loading=\"lazy\" decoding=\"async\" width=\"1024\" height=\"683\" src=\"https:\/\/clevacancesalpeslyon.com\/wp-content\/uploads\/2019\/08\/OSP_2727-HDR-1024x683.jpg\" alt=\"\" class=\"wp-image-1030\" srcset=\"https:\/\/clevacancesalpeslyon.com\/wp-content\/uploads\/2019\/08\/OSP_2727-HDR-1024x683.jpg 1024w, https:\/\/clevacancesalpeslyon.com\/wp-content\/uploads\/2019\/08\/OSP_2727-HDR-300x200.jpg 300w, https:\/\/clevacancesalpeslyon.com\/wp-content\/uploads\/2019\/08\/OSP_2727-HDR-768x512.jpg 768w\" sizes=\"auto, (max-width: 706px) 89vw, (max-width: 767px) 82vw, 740px\" \/><\/figure><div class=\"wp-block-media-text__content\">\n<h2 class=\"wp-block-heading\"><a href=\"https:\/\/clevacancesalpeslyon.com\/?p=1503\">D\u00e9couvrir Les Hautes Alpes<\/a><\/h2>\n\n\n\n<h3 class=\"wp-block-heading\"> Les randonn\u00e9es, les chalets, purealpes&#8230; <\/h3>\n\n\n\n<p><\/p>\n<\/div><\/div>\n\n\n\n<pre class=\"wp-block-code\"><code><\/code><\/pre>\n","protected":false},"excerpt":{"rendered":"<p>Trouvez votre bonheur chez Cl\u00e9vacances D\u00e9couvrir l&rsquo;Is\u00e8re Les bulles, la gastronomie grenobloise, les noix&#8230;.. D\u00e9couvrir Savoie Mont-Blanc Les montagnes, les lac, les chalets&#8230; D\u00e9couvrir Grand Lyon Fourvi\u00e8re, les pralines, les chambre d&rsquo;h\u00f4tes Grand Lyon &#8230; D\u00e9couvrir Les Hautes Alpes Les randonn\u00e9es, les chalets, purealpes&#8230;<\/p>\n","protected":false},"author":1,"featured_media":594,"parent":0,"menu_order":4,"comment_status":"closed","ping_status":"closed","template":"","meta":{"footnotes":""},"class_list":["post-32","page","type-page","status-publish","has-post-thumbnail","hentry"],"_links":{"self":[{"href":"https:\/\/clevacancesalpeslyon.com\/index.php?rest_route=\/wp\/v2\/pages\/32","targetHints":{"allow":["GET"]}}],"collection":[{"href":"https:\/\/clevacancesalpeslyon.com\/index.php?rest_route=\/wp\/v2\/pages"}],"about":[{"href":"https:\/\/clevacancesalpeslyon.com\/index.php?rest_route=\/wp\/v2\/types\/page"}],"author":[{"embeddable":true,"href":"https:\/\/clevacancesalpeslyon.com\/index.php?rest_route=\/wp\/v2\/users\/1"}],"replies":[{"embeddable":true,"href":"https:\/\/clevacancesalpeslyon.com\/index.php?rest_route=%2Fwp%2Fv2%2Fcomments&post=32"}],"version-history":[{"count":27,"href":"https:\/\/clevacancesalpeslyon.com\/index.php?rest_route=\/wp\/v2\/pages\/32\/revisions"}],"predecessor-version":[{"id":1510,"href":"https:\/\/clevacancesalpeslyon.com\/index.php?rest_route=\/wp\/v2\/pages\/32\/revisions\/1510"}],"wp:featuredmedia":[{"embeddable":true,"href":"https:\/\/clevacancesalpeslyon.com\/index.php?rest_route=\/wp\/v2\/media\/594"}],"wp:attachment":[{"href":"https:\/\/clevacancesalpeslyon.com\/index.php?rest_route=%2Fwp%2Fv2%2Fmedia&parent=32"}],"curies":[{"name":"wp","href":"https:\/\/api.w.org\/{rel}","templated":true}]}}