{"id":33,"date":"2018-09-07T17:17:03","date_gmt":"2018-09-07T15:17:03","guid":{"rendered":"http:\/\/clevacancesalpeslyon.com\/?page_id=33"},"modified":"2021-08-11T09:00:46","modified_gmt":"2021-08-11T07:00:46","slug":"une-section-de-page-daccueil","status":"publish","type":"page","link":"https:\/\/clevacancesalpeslyon.com\/?page_id=33","title":{"rendered":"On veut tous des vacances r\u00e9ussies&#8230;"},"content":{"rendered":"\n<div class=\"wp-block-columns is-layout-flex wp-container-core-columns-is-layout-9d6595d7 wp-block-columns-is-layout-flex\">\n<div class=\"wp-block-column is-layout-flow wp-block-column-is-layout-flow\">\n<div class=\"wp-block-button aligncenter\"><a class=\"wp-block-button__link has-background has-vivid-cyan-blue-background-color\" href=\"https:\/\/clevacancesalpeslyon.com\/?page_id=32\">\ud83c\udfaf Quoi faire ?<\/a><\/div>\n<\/div>\n\n\n\n<div class=\"wp-block-column is-layout-flow wp-block-column-is-layout-flow\">\n<div class=\"wp-block-button aligncenter\"><a class=\"wp-block-button__link has-background has-vivid-cyan-blue-background-color\" href=\"https:\/\/clevacancesalpeslyon.com\/?p=434\">Coup d&rsquo;\u2764\ufe0f<\/a><\/div>\n<\/div>\n<\/div>\n\n\n\n<hr class=\"wp-block-separator\"\/>\n\n\n<h5><span style=\"vertical-align: inherit;\"><span style=\"vertical-align: inherit;\"><span style=\"vertical-align: inherit;\"><span style=\"vertical-align: inherit;\"><span style=\"vertical-align: inherit;\"><span style=\"vertical-align: inherit;\"><span style=\"vertical-align: inherit;\"><span style=\"vertical-align: inherit;\"><span style=\"vertical-align: inherit;\"><span style=\"vertical-align: inherit;\"><span style=\"vertical-align: inherit;\"><span style=\"vertical-align: inherit;\">C&rsquo;est par ici &#8230;<\/span><\/span><\/span><\/span><\/span><\/span><\/span><\/span><\/span><\/span><\/span><\/span><\/h5>\n<h5><span style=\"vertical-align: inherit;\"><span style=\"vertical-align: inherit;\"><span style=\"vertical-align: inherit;\"><span style=\"vertical-align: inherit;\"><span style=\"vertical-align: inherit;\"><span style=\"vertical-align: inherit;\"><span style=\"vertical-align: inherit;\"><span style=\"vertical-align: inherit;\"><span style=\"vertical-align: inherit;\"><span style=\"vertical-align: inherit;\"><span style=\"vertical-align: inherit;\"><span style=\"vertical-align: inherit;\">&nbsp;&nbsp;&nbsp;&nbsp;&nbsp;&nbsp;&nbsp;&nbsp;&nbsp;&nbsp;&nbsp;&nbsp;&nbsp;&nbsp;&nbsp;&nbsp;&nbsp;&nbsp;&nbsp;&nbsp;&nbsp;&nbsp;&nbsp;&nbsp;&nbsp;&nbsp;&nbsp;&nbsp;&nbsp; Des souvenirs \u00e0 plus finir&#8230;<\/span><\/span><\/span><\/span><\/span><\/span><\/span><\/span><\/span><\/span><\/span><\/span><\/h5>\n<h5><span style=\"vertical-align: inherit;\"><span style=\"vertical-align: inherit;\"><span style=\"vertical-align: inherit;\"><span style=\"vertical-align: inherit;\"><span style=\"vertical-align: inherit;\"><span style=\"vertical-align: inherit;\"><span style=\"vertical-align: inherit;\"><span style=\"vertical-align: inherit;\"><span style=\"vertical-align: inherit;\"><span style=\"vertical-align: inherit;\"><span style=\"vertical-align: inherit;\"><span style=\"vertical-align: inherit;\">&nbsp;&nbsp;&nbsp;&nbsp;&nbsp;&nbsp;&nbsp;&nbsp;&nbsp;&nbsp;&nbsp;&nbsp;&nbsp;&nbsp;&nbsp;&nbsp;&nbsp;&nbsp;&nbsp;&nbsp;&nbsp;&nbsp;&nbsp;&nbsp;&nbsp;&nbsp;&nbsp;&nbsp;&nbsp;&nbsp;&nbsp;&nbsp;&nbsp;&nbsp;&nbsp;&nbsp;&nbsp;&nbsp;&nbsp;&nbsp;&nbsp;&nbsp;&nbsp;&nbsp;&nbsp;&nbsp;&nbsp;&nbsp;&nbsp;&nbsp;&nbsp;&nbsp;&nbsp;&nbsp;&nbsp;&nbsp;&nbsp;&nbsp;&nbsp;&nbsp;&nbsp;&nbsp;&nbsp;&nbsp;&nbsp;&nbsp;&nbsp;&nbsp;&nbsp;&nbsp;&nbsp;&nbsp;&nbsp;&nbsp;&nbsp;&nbsp;&nbsp;&nbsp;&nbsp;&nbsp;&nbsp;&nbsp;&nbsp;&nbsp; Des petits moments \u00e0 soi.<\/span><\/span><\/span><\/span><\/span><\/span><\/span><\/span><\/span><\/span><\/span><\/span><\/h5>\n<p><\/p>\n\n\n<p>Nos th\u00e9matiques: <\/p>\n\n\n\n<div class=\"wp-block-columns is-layout-flex wp-container-core-columns-is-layout-9d6595d7 wp-block-columns-is-layout-flex\">\n<div class=\"wp-block-column is-vertically-aligned-top is-layout-flow wp-block-column-is-layout-flow\">\n<div class=\"wp-block-image\"><figure class=\"aligncenter size-large\">\n<a href=\"https:\/\/www.clevacances.com\/fr\/location-liste?theme_id=&amp;q=&amp;order=&amp;search_latitude=&amp;search_longitude=&amp;search_rayon=&amp;__q=Rh%C3%B4ne-Alpes+(region)+&amp;date_start=&amp;date_end=&amp;capacity=1&amp;typehouse%5B%5D=villa&amp;typehouse%5B%5D=chalet&amp;typehouse%5B%5D=flat&amp;typehouse%5B%5D=other&amp;couchage=1&amp;proximite=&amp;label%5B%5D=4&amp;label%5B%5D=5\"><img decoding=\"async\" src=\"https:\/\/clevacancesalpeslyon.com\/wp-content\/uploads\/2020\/07\/prenium-1-1024x576.png\" alt=\"\" class=\"wp-image-1243\"><\/a>\n<figcaption>Haut standing <\/figcaption><\/figure><\/div>\n<\/div>\n\n\n\n<div class=\"wp-block-column is-vertically-aligned-top is-layout-flow wp-block-column-is-layout-flow\">\n<div class=\"wp-block-image\"><figure class=\"aligncenter size-large\"><a href=\"https:\/\/www.clevacances.com\/fr\/location-liste?theme_id=&amp;q=&amp;order=&amp;search_latitude=&amp;search_longitude=&amp;search_rayon=&amp;__q=Rh%C3%B4ne-Alpes+(region)+&amp;date_start=&amp;date_end=&amp;capacity=1&amp;typehouse%5B%5D=villa&amp;typehouse%5B%5D=chalet&amp;typehouse%5B%5D=flat&amp;typehouse%5B%5D=other&amp;couchage=1&amp;proximite=&amp;label%5B%5D=1&amp;label%5B%5D=2&amp;label%5B%5D=3&amp;label%5B%5D=4&amp;label%5B%5D=5&amp;theme%5B%5D=9\"><img loading=\"lazy\" decoding=\"async\" width=\"1024\" height=\"576\" src=\"https:\/\/clevacancesalpeslyon.com\/wp-content\/uploads\/2020\/07\/ecolo-1-1024x576.png\" alt=\"\" class=\"wp-image-1243\" srcset=\"https:\/\/clevacancesalpeslyon.com\/wp-content\/uploads\/2020\/07\/ecolo-1-1024x576.png 1024w, https:\/\/clevacancesalpeslyon.com\/wp-content\/uploads\/2020\/07\/ecolo-1-300x169.png 300w, https:\/\/clevacancesalpeslyon.com\/wp-content\/uploads\/2020\/07\/ecolo-1-768x432.png 768w, https:\/\/clevacancesalpeslyon.com\/wp-content\/uploads\/2020\/07\/ecolo-1-1536x864.png 1536w, https:\/\/clevacancesalpeslyon.com\/wp-content\/uploads\/2020\/07\/ecolo-1.png 1920w\" sizes=\"auto, (max-width: 706px) 89vw, (max-width: 767px) 82vw, 740px\" \/><\/a><figcaption>Partir \u00e9colo<\/figcaption><\/figure><\/div>\n<\/div>\n\n\n\n<div class=\"wp-block-column is-vertically-aligned-top is-layout-flow wp-block-column-is-layout-flow\">\n<div class=\"wp-block-image\"><figure class=\"aligncenter size-large\"><a href=\"https:\/\/www.clevacances.com\/fr\/location-liste?theme_id=&amp;q=&amp;order=&amp;search_latitude=&amp;search_longitude=&amp;search_rayon=&amp;__q=Rh%C3%B4ne-Alpes+(region)+&amp;date_start=&amp;date_end=&amp;capacity=1&amp;typehouse%5B%5D=villa&amp;typehouse%5B%5D=chalet&amp;typehouse%5B%5D=flat&amp;typehouse%5B%5D=other&amp;couchage=1&amp;proximite=&amp;label%5B%5D=1&amp;label%5B%5D=2&amp;label%5B%5D=3&amp;label%5B%5D=4&amp;label%5B%5D=5&amp;coupcoeur=1\"><img loading=\"lazy\" decoding=\"async\" width=\"1024\" height=\"576\" src=\"https:\/\/clevacancesalpeslyon.com\/wp-content\/uploads\/2020\/07\/coupcoeur-1-1024x576.png\" alt=\"\" class=\"wp-image-1244\" srcset=\"https:\/\/clevacancesalpeslyon.com\/wp-content\/uploads\/2020\/07\/coupcoeur-1-1024x576.png 1024w, https:\/\/clevacancesalpeslyon.com\/wp-content\/uploads\/2020\/07\/coupcoeur-1-300x169.png 300w, https:\/\/clevacancesalpeslyon.com\/wp-content\/uploads\/2020\/07\/coupcoeur-1-768x432.png 768w, https:\/\/clevacancesalpeslyon.com\/wp-content\/uploads\/2020\/07\/coupcoeur-1-1536x864.png 1536w, https:\/\/clevacancesalpeslyon.com\/wp-content\/uploads\/2020\/07\/coupcoeur-1.png 1920w\" sizes=\"auto, (max-width: 706px) 89vw, (max-width: 767px) 82vw, 740px\" \/><\/a><figcaption>Coup de c\u0153ur <\/figcaption><\/figure><\/div>\n<\/div>\n\n\n\n<div class=\"wp-block-column is-layout-flow wp-block-column-is-layout-flow\">\n<div class=\"wp-block-image is-style-default\"><figure class=\"aligncenter size-large\"><a href=\"https:\/\/www.clevacances.com\/fr\/location-liste?theme_id=&amp;q=&amp;order=&amp;search_latitude=&amp;search_longitude=&amp;search_rayon=&amp;__q=Rh%C3%B4ne-Alpes+(region)+&amp;date_start=&amp;date_end=&amp;capacity=1&amp;typehouse%5B%5D=villa&amp;typehouse%5B%5D=chalet&amp;typehouse%5B%5D=flat&amp;typehouse%5B%5D=other&amp;couchage=1&amp;proximite=&amp;label%5B%5D=1&amp;label%5B%5D=2&amp;label%5B%5D=3&amp;label%5B%5D=4&amp;label%5B%5D=5&amp;theme%5B%5D=12\"><img loading=\"lazy\" decoding=\"async\" width=\"1024\" height=\"576\" src=\"https:\/\/clevacancesalpeslyon.com\/wp-content\/uploads\/2020\/07\/bienetre-1-1024x576.png\" alt=\"\" class=\"wp-image-1245\" srcset=\"https:\/\/clevacancesalpeslyon.com\/wp-content\/uploads\/2020\/07\/bienetre-1-1024x576.png 1024w, https:\/\/clevacancesalpeslyon.com\/wp-content\/uploads\/2020\/07\/bienetre-1-300x169.png 300w, https:\/\/clevacancesalpeslyon.com\/wp-content\/uploads\/2020\/07\/bienetre-1-768x432.png 768w, https:\/\/clevacancesalpeslyon.com\/wp-content\/uploads\/2020\/07\/bienetre-1-1536x864.png 1536w, https:\/\/clevacancesalpeslyon.com\/wp-content\/uploads\/2020\/07\/bienetre-1.png 1920w\" sizes=\"auto, (max-width: 706px) 89vw, (max-width: 767px) 82vw, 740px\" \/><\/a><figcaption>Bien-\u00eatre<\/figcaption><\/figure><\/div>\n<\/div>\n<\/div>\n\n\n\n<div class=\"wp-block-columns is-layout-flex wp-container-core-columns-is-layout-9d6595d7 wp-block-columns-is-layout-flex\">\n<div class=\"wp-block-column is-layout-flow wp-block-column-is-layout-flow\">\n<div class=\"wp-block-image\"><figure class=\"aligncenter size-large\">\n<a href=\"https:\/\/www.clevacances.com\/fr\/location-liste?theme_id=&amp;q=&amp;order=&amp;search_latitude=&amp;search_longitude=&amp;search_rayon=&amp;__q=Rh%C3%B4ne-Alpes+(region)+&amp;date_start=&amp;date_end=&amp;capacity=1&amp;typehouse%5B%5D=villa&amp;typehouse%5B%5D=chalet&amp;typehouse%5B%5D=flat&amp;typehouse%5B%5D=other&amp;couchage=1&amp;proximite=&amp;label%5B%5D=1&amp;label%5B%5D=2&amp;label%5B%5D=3&amp;label%5B%5D=4&amp;label%5B%5D=5&amp;service%5B%5D=5\"><img decoding=\"async\" src=\"https:\/\/clevacancesalpeslyon.com\/wp-content\/uploads\/2020\/07\/animaux-1-1024x576.png\" alt=\"\" class=\"wp-image-1243\"><\/a>\n<figcaption>Animaux accept\u00e9s<\/figcaption><\/figure><\/div>\n<\/div>\n\n\n\n<div class=\"wp-block-column is-layout-flow wp-block-column-is-layout-flow\">\n<div class=\"wp-block-image\"><figure class=\"aligncenter size-large\"><a href=\"https:\/\/www.clevacances.com\/fr\/location-liste?theme_id=&amp;q=&amp;order=&amp;search_latitude=&amp;search_longitude=&amp;search_rayon=&amp;__q=Rh%C3%B4ne-Alpes+(region)+&amp;date_start=&amp;date_end=&amp;capacity=1&amp;typehouse%5B%5D=villa&amp;typehouse%5B%5D=chalet&amp;typehouse%5B%5D=flat&amp;typehouse%5B%5D=other&amp;couchage=1&amp;proximite=&amp;label%5B%5D=1&amp;label%5B%5D=2&amp;label%5B%5D=3&amp;label%5B%5D=4&amp;label%5B%5D=5&amp;equipment_ext%5B%5D=5\"><img loading=\"lazy\" decoding=\"async\" width=\"1024\" height=\"576\" src=\"https:\/\/clevacancesalpeslyon.com\/wp-content\/uploads\/2020\/07\/piscine-1024x576.png\" alt=\"\" class=\"wp-image-1228\" srcset=\"https:\/\/clevacancesalpeslyon.com\/wp-content\/uploads\/2020\/07\/piscine-1024x576.png 1024w, https:\/\/clevacancesalpeslyon.com\/wp-content\/uploads\/2020\/07\/piscine-300x169.png 300w, https:\/\/clevacancesalpeslyon.com\/wp-content\/uploads\/2020\/07\/piscine-768x432.png 768w, https:\/\/clevacancesalpeslyon.com\/wp-content\/uploads\/2020\/07\/piscine-1536x864.png 1536w, https:\/\/clevacancesalpeslyon.com\/wp-content\/uploads\/2020\/07\/piscine.png 1920w\" sizes=\"auto, (max-width: 706px) 89vw, (max-width: 767px) 82vw, 740px\" \/><\/a><figcaption>Piscine<\/figcaption><\/figure><\/div>\n<\/div>\n\n\n\n<div class=\"wp-block-column is-layout-flow wp-block-column-is-layout-flow\">\n<div class=\"wp-block-image\"><figure class=\"aligncenter size-large\"><img loading=\"lazy\" decoding=\"async\" width=\"1024\" height=\"576\" src=\"https:\/\/clevacancesalpeslyon.com\/wp-content\/uploads\/2020\/07\/spa-1024x576.png\" alt=\"\" class=\"wp-image-1229\" srcset=\"https:\/\/clevacancesalpeslyon.com\/wp-content\/uploads\/2020\/07\/spa-1024x576.png 1024w, https:\/\/clevacancesalpeslyon.com\/wp-content\/uploads\/2020\/07\/spa-300x169.png 300w, https:\/\/clevacancesalpeslyon.com\/wp-content\/uploads\/2020\/07\/spa-768x432.png 768w, https:\/\/clevacancesalpeslyon.com\/wp-content\/uploads\/2020\/07\/spa-1536x864.png 1536w, https:\/\/clevacancesalpeslyon.com\/wp-content\/uploads\/2020\/07\/spa.png 1920w\" sizes=\"auto, (max-width: 706px) 89vw, (max-width: 767px) 82vw, 740px\" \/><figcaption>Spa &#8211;  hamam <\/figcaption><\/figure><\/div>\n<\/div>\n\n\n\n<div class=\"wp-block-column is-layout-flow wp-block-column-is-layout-flow\">\n<div class=\"wp-block-image\"><figure class=\"aligncenter size-large\"><a href=\"https:\/\/www.clevacances.com\/fr\/location-liste?theme_id=&amp;q=&amp;order=&amp;search_latitude=&amp;search_longitude=&amp;search_rayon=&amp;__q=Rh%C3%B4ne-Alpes+(region)+&amp;date_start=&amp;date_end=&amp;capacity=1&amp;typehouse%5B%5D=villa&amp;typehouse%5B%5D=chalet&amp;typehouse%5B%5D=flat&amp;typehouse%5B%5D=other&amp;couchage=1&amp;proximite=&amp;label%5B%5D=1&amp;label%5B%5D=2&amp;label%5B%5D=3&amp;label%5B%5D=4&amp;label%5B%5D=5&amp;service%5B%5D=1\"><img loading=\"lazy\" decoding=\"async\" width=\"1024\" height=\"576\" src=\"https:\/\/clevacancesalpeslyon.com\/wp-content\/uploads\/2020\/07\/handi-1024x576.png\" alt=\"\" class=\"wp-image-1230\" srcset=\"https:\/\/clevacancesalpeslyon.com\/wp-content\/uploads\/2020\/07\/handi-1024x576.png 1024w, https:\/\/clevacancesalpeslyon.com\/wp-content\/uploads\/2020\/07\/handi-300x169.png 300w, https:\/\/clevacancesalpeslyon.com\/wp-content\/uploads\/2020\/07\/handi-768x432.png 768w, https:\/\/clevacancesalpeslyon.com\/wp-content\/uploads\/2020\/07\/handi-1536x864.png 1536w, https:\/\/clevacancesalpeslyon.com\/wp-content\/uploads\/2020\/07\/handi.png 1919w\" sizes=\"auto, (max-width: 706px) 89vw, (max-width: 767px) 82vw, 740px\" \/><\/a><figcaption>Handicaps<\/figcaption><\/figure><\/div>\n<\/div>\n<\/div>\n\n\n\n<div class=\"wp-block-columns is-layout-flex wp-container-core-columns-is-layout-9d6595d7 wp-block-columns-is-layout-flex\">\n<div class=\"wp-block-column is-layout-flow wp-block-column-is-layout-flow\">\n<div class=\"wp-block-image\"><figure class=\"aligncenter size-large\">\n<a href=\"https:\/\/www.clevacances.com\/fr\/location-liste?theme_id=&amp;q=&amp;order=&amp;search_latitude=&amp;search_longitude=&amp;search_rayon=&amp;__q=Rh%C3%B4ne-Alpes+(region)+&amp;date_start=&amp;date_end=&amp;capacity=1&amp;typehouse%5B%5D=villa&amp;typehouse%5B%5D=chalet&amp;typehouse%5B%5D=flat&amp;typehouse%5B%5D=other&amp;couchage=1&amp;proximite=&amp;label%5B%5D=1&amp;label%5B%5D=2&amp;label%5B%5D=3&amp;label%5B%5D=4&amp;label%5B%5D=5&amp;sservice%5B%5D=1\"><img decoding=\"async\" src=\"https:\/\/clevacancesalpeslyon.com\/wp-content\/uploads\/2020\/07\/ancv-1024x576.png\" alt=\"\" class=\"wp-image-1243\"><\/a>\n<figcaption>ch\u00e8ques vacances<\/figcaption><\/figure><\/div>\n<\/div>\n\n\n\n<div class=\"wp-block-column is-layout-flow wp-block-column-is-layout-flow\">\n<div class=\"wp-block-image\"><figure class=\"aligncenter size-large\"><a href=\"https:\/\/www.clevacances.com\/fr\/location-liste?theme_id=&amp;q=&amp;order=&amp;search_latitude=&amp;search_longitude=&amp;search_rayon=&amp;__q=Rh%C3%B4ne-Alpes+(region)+&amp;date_start=&amp;date_end=&amp;capacity=1&amp;typehouse%5B%5D=villa&amp;typehouse%5B%5D=chalet&amp;typehouse%5B%5D=flat&amp;typehouse%5B%5D=other&amp;couchage=1&amp;proximite=&amp;label%5B%5D=1&amp;label%5B%5D=2&amp;label%5B%5D=3&amp;label%5B%5D=4&amp;label%5B%5D=5&amp;theme%5B%5D=10\"><img loading=\"lazy\" decoding=\"async\" width=\"1024\" height=\"576\" src=\"https:\/\/clevacancesalpeslyon.com\/wp-content\/uploads\/2020\/07\/bb-1024x576.png\" alt=\"\" class=\"wp-image-1233\" srcset=\"https:\/\/clevacancesalpeslyon.com\/wp-content\/uploads\/2020\/07\/bb-1024x576.png 1024w, https:\/\/clevacancesalpeslyon.com\/wp-content\/uploads\/2020\/07\/bb-300x169.png 300w, https:\/\/clevacancesalpeslyon.com\/wp-content\/uploads\/2020\/07\/bb-768x432.png 768w, https:\/\/clevacancesalpeslyon.com\/wp-content\/uploads\/2020\/07\/bb-1536x864.png 1536w, https:\/\/clevacancesalpeslyon.com\/wp-content\/uploads\/2020\/07\/bb.png 1920w\" sizes=\"auto, (max-width: 706px) 89vw, (max-width: 767px) 82vw, 740px\" \/><\/a><figcaption>Bed &amp; Business<\/figcaption><\/figure><\/div>\n<\/div>\n\n\n\n<div class=\"wp-block-column is-layout-flow wp-block-column-is-layout-flow\">\n<div class=\"wp-block-image\"><figure class=\"aligncenter size-large\"><a href=\"https:\/\/www.clevacances.com\/fr\/location-liste?theme_id=&amp;q=&amp;order=&amp;search_latitude=&amp;search_longitude=&amp;search_rayon=&amp;__q=Rh%C3%B4ne-Alpes+(region)+&amp;date_start=&amp;date_end=&amp;capacity=1&amp;typehouse%5B%5D=villa&amp;typehouse%5B%5D=chalet&amp;typehouse%5B%5D=flat&amp;typehouse%5B%5D=other&amp;couchage=1&amp;proximite=&amp;label%5B%5D=1&amp;label%5B%5D=2&amp;label%5B%5D=3&amp;label%5B%5D=4&amp;label%5B%5D=5&amp;service%5B%5D=2\"><img loading=\"lazy\" decoding=\"async\" width=\"1024\" height=\"576\" src=\"https:\/\/clevacancesalpeslyon.com\/wp-content\/uploads\/2020\/07\/tablehote-1024x576.png\" alt=\"\" class=\"wp-image-1234\" srcset=\"https:\/\/clevacancesalpeslyon.com\/wp-content\/uploads\/2020\/07\/tablehote-1024x576.png 1024w, https:\/\/clevacancesalpeslyon.com\/wp-content\/uploads\/2020\/07\/tablehote-300x169.png 300w, https:\/\/clevacancesalpeslyon.com\/wp-content\/uploads\/2020\/07\/tablehote-768x432.png 768w, https:\/\/clevacancesalpeslyon.com\/wp-content\/uploads\/2020\/07\/tablehote-1536x864.png 1536w, https:\/\/clevacancesalpeslyon.com\/wp-content\/uploads\/2020\/07\/tablehote.png 1920w\" sizes=\"auto, (max-width: 706px) 89vw, (max-width: 767px) 82vw, 740px\" \/><\/a><figcaption>Table d&rsquo;h\u00f4tes<\/figcaption><\/figure><\/div>\n<\/div>\n\n\n\n<div class=\"wp-block-column is-layout-flow wp-block-column-is-layout-flow\">\n<div class=\"wp-block-image\"><figure class=\"aligncenter size-large\"><a href=\"https:\/\/www.clevacances.com\/fr\/location-liste?theme_id=&amp;q=&amp;order=&amp;search_latitude=&amp;search_longitude=&amp;search_rayon=&amp;__q=Rh%C3%B4ne-Alpes+(region)+&amp;date_start=&amp;date_end=&amp;capacity=1&amp;typehouse%5B%5D=villa&amp;typehouse%5B%5D=chalet&amp;typehouse%5B%5D=flat&amp;typehouse%5B%5D=other&amp;couchage=1&amp;proximite=&amp;label%5B%5D=1&amp;label%5B%5D=2&amp;label%5B%5D=3&amp;label%5B%5D=4&amp;label%5B%5D=5&amp;theme%5B%5D=3\"><img loading=\"lazy\" decoding=\"async\" width=\"1024\" height=\"576\" src=\"https:\/\/clevacancesalpeslyon.com\/wp-content\/uploads\/2020\/07\/ville-1024x576.png\" alt=\"\" class=\"wp-image-1235\" srcset=\"https:\/\/clevacancesalpeslyon.com\/wp-content\/uploads\/2020\/07\/ville-1024x576.png 1024w, https:\/\/clevacancesalpeslyon.com\/wp-content\/uploads\/2020\/07\/ville-300x169.png 300w, https:\/\/clevacancesalpeslyon.com\/wp-content\/uploads\/2020\/07\/ville-768x432.png 768w, https:\/\/clevacancesalpeslyon.com\/wp-content\/uploads\/2020\/07\/ville-1536x864.png 1536w, https:\/\/clevacancesalpeslyon.com\/wp-content\/uploads\/2020\/07\/ville.png 1920w\" sizes=\"auto, (max-width: 706px) 89vw, (max-width: 767px) 82vw, 740px\" \/><\/a><figcaption>En ville<\/figcaption><\/figure><\/div>\n<\/div>\n<\/div>\n\n\n\n<div class=\"wp-block-columns is-layout-flex wp-container-core-columns-is-layout-9d6595d7 wp-block-columns-is-layout-flex\">\n<div class=\"wp-block-column is-layout-flow wp-block-column-is-layout-flow\">\n<div class=\"wp-block-image\"><figure class=\"aligncenter size-large\">\n<a href=\"https:\/\/www.clevacances.com\/fr\/location-liste?theme_id=&amp;q=region-25&amp;order=&amp;search_latitude=&amp;search_longitude=&amp;search_rayon=&amp;__q=Rh%C3%B4ne-Alpes+(region)&amp;date_start=&amp;date_end=&amp;capacity=1&amp;typehouse%5B%5D=villa&amp;typehouse%5B%5D=chalet&amp;typehouse%5B%5D=flat&amp;typehouse%5B%5D=other&amp;couchage=1&amp;proximite=&amp;label%5B%5D=1&amp;label%5B%5D=2&amp;label%5B%5D=3&amp;label%5B%5D=4&amp;label%5B%5D=5&amp;theme%5B%5D=2\"><img decoding=\"async\" src=\"https:\/\/clevacancesalpeslyon.com\/wp-content\/uploads\/2020\/07\/station-1024x576.png\" alt=\"\" class=\"wp-image-1243\"><\/a>\n<figcaption>En station <\/figcaption><\/figure><\/div>\n<\/div>\n\n\n\n<div class=\"wp-block-column is-layout-flow wp-block-column-is-layout-flow\">\n<div class=\"wp-block-image\"><figure class=\"aligncenter size-large\"><a href=\"https:\/\/www.clevacances.com\/fr\/location-liste?theme_id=&amp;q=&amp;order=&amp;search_latitude=&amp;search_longitude=&amp;search_rayon=&amp;__q=Rh%C3%B4ne-Alpes+(region)+&amp;date_start=&amp;date_end=&amp;capacity=1&amp;type%5B%5D=Insolite&amp;typehouse%5B%5D=villa&amp;typehouse%5B%5D=chalet&amp;typehouse%5B%5D=flat&amp;typehouse%5B%5D=other&amp;couchage=1&amp;proximite=&amp;label%5B%5D=1&amp;label%5B%5D=2&amp;label%5B%5D=3&amp;label%5B%5D=4&amp;label%5B%5D=5\"><img loading=\"lazy\" decoding=\"async\" width=\"1024\" height=\"576\" src=\"https:\/\/clevacancesalpeslyon.com\/wp-content\/uploads\/2020\/07\/insolite-1024x576.png\" alt=\"\" class=\"wp-image-1238\" srcset=\"https:\/\/clevacancesalpeslyon.com\/wp-content\/uploads\/2020\/07\/insolite-1024x576.png 1024w, https:\/\/clevacancesalpeslyon.com\/wp-content\/uploads\/2020\/07\/insolite-300x169.png 300w, https:\/\/clevacancesalpeslyon.com\/wp-content\/uploads\/2020\/07\/insolite-768x432.png 768w, https:\/\/clevacancesalpeslyon.com\/wp-content\/uploads\/2020\/07\/insolite-1536x864.png 1536w, https:\/\/clevacancesalpeslyon.com\/wp-content\/uploads\/2020\/07\/insolite.png 1920w\" sizes=\"auto, (max-width: 706px) 89vw, (max-width: 767px) 82vw, 740px\" \/><\/a><figcaption>Insolite<\/figcaption><\/figure><\/div>\n<\/div>\n\n\n\n<div class=\"wp-block-column is-layout-flow wp-block-column-is-layout-flow\">\n<div class=\"wp-block-image\"><figure class=\"aligncenter size-large\"><a href=\"https:\/\/www.clevacances.com\/fr\/location-liste?theme_id=&amp;q=&amp;order=&amp;search_latitude=&amp;search_longitude=&amp;search_rayon=&amp;__q=Rh%C3%B4ne-Alpes+(region)+&amp;date_start=&amp;date_end=&amp;capacity=1&amp;typehouse%5B%5D=villa&amp;typehouse%5B%5D=chalet&amp;typehouse%5B%5D=flat&amp;typehouse%5B%5D=other&amp;couchage=1&amp;proximite=&amp;label%5B%5D=1&amp;label%5B%5D=2&amp;label%5B%5D=3&amp;label%5B%5D=4&amp;label%5B%5D=5&amp;service%5B%5D=6\"><img loading=\"lazy\" decoding=\"async\" width=\"1024\" height=\"576\" src=\"https:\/\/clevacancesalpeslyon.com\/wp-content\/uploads\/2020\/07\/menage-1024x576.png\" alt=\"\" class=\"wp-image-1240\" srcset=\"https:\/\/clevacancesalpeslyon.com\/wp-content\/uploads\/2020\/07\/menage-1024x576.png 1024w, https:\/\/clevacancesalpeslyon.com\/wp-content\/uploads\/2020\/07\/menage-300x169.png 300w, https:\/\/clevacancesalpeslyon.com\/wp-content\/uploads\/2020\/07\/menage-768x432.png 768w, https:\/\/clevacancesalpeslyon.com\/wp-content\/uploads\/2020\/07\/menage-1536x864.png 1536w, https:\/\/clevacancesalpeslyon.com\/wp-content\/uploads\/2020\/07\/menage.png 1920w\" sizes=\"auto, (max-width: 706px) 89vw, (max-width: 767px) 82vw, 740px\" \/><\/a><figcaption>M\u00e9nage inclus<\/figcaption><\/figure><\/div>\n<\/div>\n\n\n\n<div class=\"wp-block-column is-layout-flow wp-block-column-is-layout-flow\">\n<div class=\"wp-block-image\"><figure class=\"aligncenter size-large\"><a href=\"https:\/\/www.clevacances.com\/fr\/location-liste?theme_id=&amp;q=&amp;order=&amp;search_latitude=&amp;search_longitude=&amp;search_rayon=&amp;__q=Rh%C3%B4ne-Alpes+(region)+&amp;date_start=&amp;date_end=&amp;capacity=1&amp;typehouse%5B%5D=villa&amp;typehouse%5B%5D=chalet&amp;typehouse%5B%5D=flat&amp;typehouse%5B%5D=other&amp;couchage=1&amp;proximite=&amp;label%5B%5D=1&amp;label%5B%5D=2&amp;label%5B%5D=3&amp;label%5B%5D=4&amp;label%5B%5D=5&amp;equipment_ext%5B%5D=4\"><img loading=\"lazy\" decoding=\"async\" width=\"1024\" height=\"576\" src=\"https:\/\/clevacancesalpeslyon.com\/wp-content\/uploads\/2020\/07\/parking-1024x576.png\" alt=\"\" class=\"wp-image-1239\" srcset=\"https:\/\/clevacancesalpeslyon.com\/wp-content\/uploads\/2020\/07\/parking-1024x576.png 1024w, https:\/\/clevacancesalpeslyon.com\/wp-content\/uploads\/2020\/07\/parking-300x169.png 300w, https:\/\/clevacancesalpeslyon.com\/wp-content\/uploads\/2020\/07\/parking-768x432.png 768w, https:\/\/clevacancesalpeslyon.com\/wp-content\/uploads\/2020\/07\/parking-1536x864.png 1536w, https:\/\/clevacancesalpeslyon.com\/wp-content\/uploads\/2020\/07\/parking.png 1920w\" sizes=\"auto, (max-width: 706px) 89vw, (max-width: 767px) 82vw, 740px\" \/><\/a><figcaption>Avec Parking <\/figcaption><\/figure><\/div>\n<\/div>\n<\/div>\n","protected":false},"excerpt":{"rendered":"<p>C&rsquo;est par ici &#8230; &nbsp;&nbsp;&nbsp;&nbsp;&nbsp;&nbsp;&nbsp;&nbsp;&nbsp;&nbsp;&nbsp;&nbsp;&nbsp;&nbsp;&nbsp;&nbsp;&nbsp;&nbsp;&nbsp;&nbsp;&nbsp;&nbsp;&nbsp;&nbsp;&nbsp;&nbsp;&nbsp;&nbsp;&nbsp; Des souvenirs \u00e0 plus finir&#8230; &nbsp;&nbsp;&nbsp;&nbsp;&nbsp;&nbsp;&nbsp;&nbsp;&nbsp;&nbsp;&nbsp;&nbsp;&nbsp;&nbsp;&nbsp;&nbsp;&nbsp;&nbsp;&nbsp;&nbsp;&nbsp;&nbsp;&nbsp;&nbsp;&nbsp;&nbsp;&nbsp;&nbsp;&nbsp;&nbsp;&nbsp;&nbsp;&nbsp;&nbsp;&nbsp;&nbsp;&nbsp;&nbsp;&nbsp;&nbsp;&nbsp;&nbsp;&nbsp;&nbsp;&nbsp;&nbsp;&nbsp;&nbsp;&nbsp;&nbsp;&nbsp;&nbsp;&nbsp;&nbsp;&nbsp;&nbsp;&nbsp;&nbsp;&nbsp;&nbsp;&nbsp;&nbsp;&nbsp;&nbsp;&nbsp;&nbsp;&nbsp;&nbsp;&nbsp;&nbsp;&nbsp;&nbsp;&nbsp;&nbsp;&nbsp;&nbsp;&nbsp;&nbsp;&nbsp;&nbsp;&nbsp;&nbsp;&nbsp;&nbsp; Des petits moments \u00e0 soi. Nos th\u00e9matiques: Haut standing Animaux accept\u00e9s ch\u00e8ques vacances En station<\/p>\n","protected":false},"author":1,"featured_media":1140,"parent":0,"menu_order":8,"comment_status":"closed","ping_status":"closed","template":"","meta":{"footnotes":""},"class_list":["post-33","page","type-page","status-publish","has-post-thumbnail","hentry"],"_links":{"self":[{"href":"https:\/\/clevacancesalpeslyon.com\/index.php?rest_route=\/wp\/v2\/pages\/33","targetHints":{"allow":["GET"]}}],"collection":[{"href":"https:\/\/clevacancesalpeslyon.com\/index.php?rest_route=\/wp\/v2\/pages"}],"about":[{"href":"https:\/\/clevacancesalpeslyon.com\/index.php?rest_route=\/wp\/v2\/types\/page"}],"author":[{"embeddable":true,"href":"https:\/\/clevacancesalpeslyon.com\/index.php?rest_route=\/wp\/v2\/users\/1"}],"replies":[{"embeddable":true,"href":"https:\/\/clevacancesalpeslyon.com\/index.php?rest_route=%2Fwp%2Fv2%2Fcomments&post=33"}],"version-history":[{"count":107,"href":"https:\/\/clevacancesalpeslyon.com\/index.php?rest_route=\/wp\/v2\/pages\/33\/revisions"}],"predecessor-version":[{"id":1312,"href":"https:\/\/clevacancesalpeslyon.com\/index.php?rest_route=\/wp\/v2\/pages\/33\/revisions\/1312"}],"wp:featuredmedia":[{"embeddable":true,"href":"https:\/\/clevacancesalpeslyon.com\/index.php?rest_route=\/wp\/v2\/media\/1140"}],"wp:attachment":[{"href":"https:\/\/clevacancesalpeslyon.com\/index.php?rest_route=%2Fwp%2Fv2%2Fmedia&parent=33"}],"curies":[{"name":"wp","href":"https:\/\/api.w.org\/{rel}","templated":true}]}}