{"id":563,"date":"2019-10-01T16:20:55","date_gmt":"2019-10-01T14:20:55","guid":{"rendered":"http:\/\/clevacancesalpeslyon.com\/?page_id=563"},"modified":"2026-01-19T12:08:30","modified_gmt":"2026-01-19T11:08:30","slug":"bienvenu","status":"publish","type":"page","link":"https:\/\/clevacancesalpeslyon.com\/","title":{"rendered":"Bienvenue"},"content":{"rendered":"\n<h2 class=\"wp-block-heading has-text-align-center\"> CONTACT<\/h2>\n\n\n\n<p class=\"has-text-align-center\">\u2709\ufe0f  Infos.clevacances@gmail.com <br>\ud83d\udcde 04 76 54 06 08 <\/p>\n\n\n\n<p class=\"has-text-align-center\"><img loading=\"lazy\" decoding=\"async\" width=\"40\" height=\"40\" class=\"wp-image-773\" style=\"width: 40px;\" src=\"https:\/\/clevacancesalpeslyon.com\/wp-content\/uploads\/2019\/06\/location-1132648_960_720.png\" alt=\"\" srcset=\"https:\/\/clevacancesalpeslyon.com\/wp-content\/uploads\/2019\/06\/location-1132648_960_720.png 720w, https:\/\/clevacancesalpeslyon.com\/wp-content\/uploads\/2019\/06\/location-1132648_960_720-150x150.png 150w, https:\/\/clevacancesalpeslyon.com\/wp-content\/uploads\/2019\/06\/location-1132648_960_720-300x300.png 300w, https:\/\/clevacancesalpeslyon.com\/wp-content\/uploads\/2019\/06\/location-1132648_960_720-100x100.png 100w\" sizes=\"auto, (max-width: 40px) 100vw, 40px\" \/>  <br><strong>Cl\u00e9Vacances  ALPES LYON<\/strong><br>Maison du Tourisme<br>14 rue de la r\u00e9publique 38000 GRENOBLE<\/p>\n\n\n\n<p class=\"has-text-align-center has-vivid-cyan-blue-color has-text-color\" style=\"font-size:21px\"><strong>Ouverture de l&rsquo;agence Grenoble<\/strong><\/p>\n\n\n\n<p class=\"has-text-align-center has-vivid-cyan-blue-color has-text-color\" style=\"font-size:21px\">Standard de 9h \u00e0 13H du lundi au jeudi <br>de 9H \u00e0 17H le Mercredi<br>(En agence : prendre rendez vous au 04 76 54 06 08)<\/p>\n\n\n\n<hr class=\"wp-block-separator has-css-opacity is-style-dots\"\/>\n\n\n\n<figure class=\"wp-block-gallery aligncenter has-nested-images columns-2 is-cropped wp-block-gallery-1 is-layout-flex wp-block-gallery-is-layout-flex\">\n<figure class=\"wp-block-image\"><img loading=\"lazy\" decoding=\"async\" width=\"960\" height=\"640\" data-id=\"187\" src=\"https:\/\/clevacancesalpeslyon.com\/wp-content\/uploads\/2018\/09\/cable-car-3415313_960_720-1.jpg\" alt=\"\" class=\"wp-image-187\" srcset=\"https:\/\/clevacancesalpeslyon.com\/wp-content\/uploads\/2018\/09\/cable-car-3415313_960_720-1.jpg 960w, https:\/\/clevacancesalpeslyon.com\/wp-content\/uploads\/2018\/09\/cable-car-3415313_960_720-1-300x200.jpg 300w, https:\/\/clevacancesalpeslyon.com\/wp-content\/uploads\/2018\/09\/cable-car-3415313_960_720-1-768x512.jpg 768w\" sizes=\"auto, (max-width: 706px) 89vw, (max-width: 767px) 82vw, 740px\" \/><figcaption class=\"wp-element-caption\">Is\u00e8re<\/figcaption><\/figure>\n\n\n\n<figure class=\"wp-block-image\"><img loading=\"lazy\" decoding=\"async\" width=\"960\" height=\"640\" data-id=\"1140\" src=\"https:\/\/clevacancesalpeslyon.com\/wp-content\/uploads\/2020\/07\/adventure-1836601_960_720.jpg\" alt=\"\" class=\"wp-image-1140\" srcset=\"https:\/\/clevacancesalpeslyon.com\/wp-content\/uploads\/2020\/07\/adventure-1836601_960_720.jpg 960w, https:\/\/clevacancesalpeslyon.com\/wp-content\/uploads\/2020\/07\/adventure-1836601_960_720-300x200.jpg 300w, https:\/\/clevacancesalpeslyon.com\/wp-content\/uploads\/2020\/07\/adventure-1836601_960_720-768x512.jpg 768w\" sizes=\"auto, (max-width: 706px) 89vw, (max-width: 767px) 82vw, 740px\" \/><figcaption class=\"wp-element-caption\">Savoie<\/figcaption><\/figure>\n\n\n\n<figure class=\"wp-block-image\"><img loading=\"lazy\" decoding=\"async\" width=\"640\" height=\"426\" data-id=\"601\" src=\"https:\/\/clevacancesalpeslyon.com\/wp-content\/uploads\/2019\/03\/annecy-2253167_640.jpg\" alt=\"\" class=\"wp-image-601\" srcset=\"https:\/\/clevacancesalpeslyon.com\/wp-content\/uploads\/2019\/03\/annecy-2253167_640.jpg 640w, https:\/\/clevacancesalpeslyon.com\/wp-content\/uploads\/2019\/03\/annecy-2253167_640-300x200.jpg 300w\" sizes=\"auto, (max-width: 640px) 100vw, 640px\" \/><figcaption class=\"wp-element-caption\">Haute Savoie<\/figcaption><\/figure>\n\n\n\n<figure class=\"wp-block-image\"><img loading=\"lazy\" decoding=\"async\" width=\"1024\" height=\"614\" data-id=\"1594\" src=\"https:\/\/clevacancesalpeslyon.com\/wp-content\/uploads\/2018\/09\/cropped-basilica-2382830_960_720-1024x614.jpg\" alt=\"\" class=\"wp-image-1594\" srcset=\"https:\/\/clevacancesalpeslyon.com\/wp-content\/uploads\/2018\/09\/cropped-basilica-2382830_960_720-1024x614.jpg 1024w, https:\/\/clevacancesalpeslyon.com\/wp-content\/uploads\/2018\/09\/cropped-basilica-2382830_960_720-300x180.jpg 300w, https:\/\/clevacancesalpeslyon.com\/wp-content\/uploads\/2018\/09\/cropped-basilica-2382830_960_720-768x461.jpg 768w, https:\/\/clevacancesalpeslyon.com\/wp-content\/uploads\/2018\/09\/cropped-basilica-2382830_960_720-1536x922.jpg 1536w, https:\/\/clevacancesalpeslyon.com\/wp-content\/uploads\/2018\/09\/cropped-basilica-2382830_960_720.jpg 2000w\" sizes=\"auto, (max-width: 706px) 89vw, (max-width: 767px) 82vw, 740px\" \/><figcaption class=\"wp-element-caption\">Grand Lyon<\/figcaption><\/figure>\n\n\n\n<figure class=\"wp-block-image\"><img loading=\"lazy\" decoding=\"async\" width=\"1024\" height=\"682\" data-id=\"1024\" src=\"https:\/\/clevacancesalpeslyon.com\/wp-content\/uploads\/2019\/08\/APernet-8429-1024x682.jpg\" alt=\"\" class=\"wp-image-1024\" srcset=\"https:\/\/clevacancesalpeslyon.com\/wp-content\/uploads\/2019\/08\/APernet-8429.jpg 1024w, https:\/\/clevacancesalpeslyon.com\/wp-content\/uploads\/2019\/08\/APernet-8429-300x200.jpg 300w, https:\/\/clevacancesalpeslyon.com\/wp-content\/uploads\/2019\/08\/APernet-8429-768x512.jpg 768w\" sizes=\"auto, (max-width: 706px) 89vw, (max-width: 767px) 82vw, 740px\" \/><figcaption class=\"wp-element-caption\">Hautes Alpes<\/figcaption><\/figure>\n<figcaption class=\"blocks-gallery-caption wp-element-caption\"><a href=\"https:\/\/clevacancesalpeslyon.com\/?page_id=32\">DECOUVRIR<\/a><\/figcaption><\/figure>\n\n\n\n<hr class=\"wp-block-separator has-css-opacity is-style-dots\"\/>\n\n\n\n<p class=\"has-text-align-center\"> Plus que jamais, c\u2019est le moment de (re)d\u00e9couvrir la France, elle a tant \u00e0 offrir ! Cette p\u00e9riode particuli\u00e8re nous convie \u00e0 red\u00e9couvrir notre environnement proche, \u00e0 consommer local avec ceux que l&rsquo;on aime.   Alors n&rsquo;oubliez pas : <strong>Cet\u00c9t\u00e9JeVisiteLaFrance<\/strong>.  Nos belles r\u00e9gions vous attendent.<\/p>\n\n\n\n<p class=\"has-text-align-center\"> Tr\u00e8s belles vacances \u00e0 tous ! <\/p>\n\n\n\n<figure class=\"wp-block-embed aligncenter is-type-video is-provider-youtube wp-block-embed-youtube wp-embed-aspect-16-9 wp-has-aspect-ratio\"><div class=\"wp-block-embed__wrapper\">\n<iframe loading=\"lazy\" title=\"Shopez les bons plans pour les prochaines vacances avec Clevacances !!\" width=\"525\" height=\"295\" src=\"https:\/\/www.youtube.com\/embed\/Du_eN07ZNDs?feature=oembed\" frameborder=\"0\" allow=\"accelerometer; autoplay; clipboard-write; encrypted-media; gyroscope; picture-in-picture; web-share\" referrerpolicy=\"strict-origin-when-cross-origin\" allowfullscreen><\/iframe>\n<\/div><\/figure>\n\n\n\n<hr class=\"wp-block-separator has-css-opacity is-style-dots\"\/>\n\n\n\n<div class=\"wp-block-cover is-light\"><span aria-hidden=\"true\" class=\"wp-block-cover__background has-background-dim-20 has-background-dim\"><\/span><img loading=\"lazy\" decoding=\"async\" width=\"640\" height=\"426\" class=\"wp-block-cover__image-background wp-image-1790\" alt=\"\" src=\"https:\/\/clevacancesalpeslyon.com\/wp-content\/uploads\/2021\/08\/bicycle-1209682_640.jpg\" data-object-fit=\"cover\" srcset=\"https:\/\/clevacancesalpeslyon.com\/wp-content\/uploads\/2021\/08\/bicycle-1209682_640.jpg 640w, https:\/\/clevacancesalpeslyon.com\/wp-content\/uploads\/2021\/08\/bicycle-1209682_640-300x200.jpg 300w\" sizes=\"auto, (max-width: 640px) 100vw, 640px\" \/><div class=\"wp-block-cover__inner-container is-layout-flow wp-block-cover-is-layout-flow\">\n<p class=\"has-text-align-center has-very-light-gray-color has-text-color\" style=\"font-size:43px\"><strong>Tous en V\u00e9lo !!<\/strong> c&rsquo;est \u00e9colo !!<\/p>\n<\/div><\/div>\n","protected":false},"excerpt":{"rendered":"<p>CONTACT \u2709\ufe0f Infos.clevacances@gmail.com \ud83d\udcde 04 76 54 06 08 Cl\u00e9Vacances ALPES LYONMaison du Tourisme14 rue de la r\u00e9publique 38000 GRENOBLE Ouverture de l&rsquo;agence Grenoble Standard de 9h \u00e0 13H du lundi au jeudi de 9H \u00e0 17H le Mercredi(En agence : prendre rendez vous au 04 76 54 06 08) Plus que jamais, c\u2019est le &hellip; <\/p>\n<p class=\"link-more\"><a href=\"https:\/\/clevacancesalpeslyon.com\/\" class=\"more-link\">Continuer la lecture<span class=\"screen-reader-text\"> de &laquo;&nbsp;Bienvenue&nbsp;&raquo;<\/span><\/a><\/p>\n","protected":false},"author":1,"featured_media":0,"parent":0,"menu_order":1,"comment_status":"closed","ping_status":"closed","template":"","meta":{"footnotes":""},"class_list":["post-563","page","type-page","status-publish","hentry"],"_links":{"self":[{"href":"https:\/\/clevacancesalpeslyon.com\/index.php?rest_route=\/wp\/v2\/pages\/563","targetHints":{"allow":["GET"]}}],"collection":[{"href":"https:\/\/clevacancesalpeslyon.com\/index.php?rest_route=\/wp\/v2\/pages"}],"about":[{"href":"https:\/\/clevacancesalpeslyon.com\/index.php?rest_route=\/wp\/v2\/types\/page"}],"author":[{"embeddable":true,"href":"https:\/\/clevacancesalpeslyon.com\/index.php?rest_route=\/wp\/v2\/users\/1"}],"replies":[{"embeddable":true,"href":"https:\/\/clevacancesalpeslyon.com\/index.php?rest_route=%2Fwp%2Fv2%2Fcomments&post=563"}],"version-history":[{"count":167,"href":"https:\/\/clevacancesalpeslyon.com\/index.php?rest_route=\/wp\/v2\/pages\/563\/revisions"}],"predecessor-version":[{"id":2098,"href":"https:\/\/clevacancesalpeslyon.com\/index.php?rest_route=\/wp\/v2\/pages\/563\/revisions\/2098"}],"wp:attachment":[{"href":"https:\/\/clevacancesalpeslyon.com\/index.php?rest_route=%2Fwp%2Fv2%2Fmedia&parent=563"}],"curies":[{"name":"wp","href":"https:\/\/api.w.org\/{rel}","templated":true}]}}